{"id":178,"date":"2012-02-06T15:15:27","date_gmt":"2012-02-06T14:15:27","guid":{"rendered":"http:\/\/localhost\/wordpress\/?page_id=178"},"modified":"2026-01-12T11:20:17","modified_gmt":"2026-01-12T10:20:17","slug":"cotisations","status":"publish","type":"page","link":"https:\/\/www.club-lorient-queven-sport-canin.fr\/?page_id=178","title":{"rendered":"Cotisation 2026 &#8211; Adh\u00e9sion- Renouvellement &#8211; Licences"},"content":{"rendered":"\t\t<div data-elementor-type=\"wp-page\" data-elementor-id=\"178\" class=\"elementor elementor-178\" data-elementor-settings=\"[]\">\n\t\t\t\t\t\t<div class=\"elementor-inner\">\n\t\t\t\t\t\t\t<div class=\"elementor-section-wrap\">\n\t\t\t\t\t\t\t<section class=\"elementor-section elementor-top-section elementor-element elementor-element-6de95979 elementor-section-boxed elementor-section-height-default elementor-section-height-default\" data-id=\"6de95979\" data-element_type=\"section\">\n\t\t\t\t\t\t<div class=\"elementor-container elementor-column-gap-default\">\n\t\t\t\t\t\t\t<div class=\"elementor-row\">\n\t\t\t\t\t<div class=\"elementor-column elementor-col-100 elementor-top-column elementor-element elementor-element-3bccbc29\" data-id=\"3bccbc29\" data-element_type=\"column\">\n\t\t\t<div class=\"elementor-column-wrap elementor-element-populated\">\n\t\t\t\t\t\t\t<div class=\"elementor-widget-wrap\">\n\t\t\t\t\t\t<div class=\"elementor-element elementor-element-7d45316b elementor-widget elementor-widget-text-editor\" data-id=\"7d45316b\" data-element_type=\"widget\" data-widget_type=\"text-editor.default\">\n\t\t\t\t<div class=\"elementor-widget-container\">\n\t\t\t\t\t<div class=\"elementor-text-editor elementor-clearfix\"><p><span style=\"text-decoration: underline; color: #ff0000;\">Documents \u00e0 t\u00e9l\u00e9charger<\/span> :<\/p><p><a href=\"https:\/\/www.club-lorient-queven-sport-canin.fr\/wp-content\/uploads\/2026\/01\/Adhesion-ou-renouvellement.docx\">Demande d&rsquo;adh\u00e9sion ou renouvellement\u00a0 2026<\/a><\/p><p><strong><span style=\"color: #ff0000;\">Licences CUN 2026<\/span><\/strong><\/p><p><a href=\"https:\/\/www.club-lorient-queven-sport-canin.fr\/wp-content\/uploads\/2026\/01\/Formulaire_Proprietaire_CUNCBG-2026.pdf\">Propri\u00e9taire<\/a><\/p><p><a href=\"https:\/\/www.club-lorient-queven-sport-canin.fr\/wp-content\/uploads\/2026\/01\/Formulaire_Conducteur_CUNCBG-2026.pdf\">Conducteur<\/a><\/p><p><a href=\"https:\/\/www.club-lorient-queven-sport-canin.fr\/wp-content\/uploads\/2026\/01\/Formulaire_Auxil_CUNCBG-2026.pdf\">Auxiliaire<\/a><\/p><p><a href=\"https:\/\/www.club-lorient-queven-sport-canin.fr\/wp-content\/uploads\/2026\/01\/Formulaire_HA_CUNCBG-2026.pdf\">HA<\/a><\/p><p><strong><span style=\"color: #ff0000;\">Licences CNEAC 2026<\/span><\/strong><\/p><p><a href=\"https:\/\/www.club-lorient-queven-sport-canin.fr\/wp-content\/uploads\/2026\/01\/formulaire-proprietaire-cneac-2026.pdf\">Propri\u00e9taire<\/a><\/p><p><a href=\"https:\/\/www.club-lorient-queven-sport-canin.fr\/wp-content\/uploads\/2026\/01\/EN-22.05-a-V3_Formulaire_Conducteur_CNEAC-2026.pdf\">Conducteur<\/a><\/p><p><a href=\"https:\/\/www.club-lorient-queven-sport-canin.fr\/wp-content\/uploads\/2026\/01\/formulaire-intervenant-cneac-2026.pdf\">Intervenant<\/a><\/p><p><strong><span style=\"color: #ff0000;\">Licences CUNSE 2026<\/span><\/strong><\/p><p><span style=\"color: #000080; text-decoration-line: underline;\">Pr\u00e9cis<\/span><span style=\"color: #000080; text-decoration-line: underline;\">ions sur la cotisation.<\/span><\/p><p>Le montant de la cotisation est fix\u00e9 annuellement par le Comit\u00e9.<\/p><p>Il s&rsquo;agit d&rsquo;un forfait annuel permettant \u00e0 l&rsquo;adh\u00e9rent de participer \u00e0 toutes les s\u00e9ances collectives d&rsquo;\u00e9ducation\u00a0sans frais suppl\u00e9mentaire<\/p><p>\u00a0<\/p><p>La cotisation comprend un droit d\u2019entr\u00e9e pour la 1<sup>\u00e8re<\/sup> adh\u00e9sion de 35 \u20ac. Ce droit d\u2019entr\u00e9e reste acquis.<\/p><p>La cotisation annuelle est de 105 \u20ac.<\/p><p>Chaque adh\u00e9rent souhaitant une licence d\u2019utilisation pourra la souscrire en plus de sa cotisation (voir tarifs des diff\u00e9rentes commissions)<\/p><p>Le montant de la cotisation sera r\u00e9duit de moiti\u00e9, soit 52,50 \u20ac pour les membres du comit\u00e9, les \u00e9ducateurs, les responsables de section. (sur d\u00e9cision du comit\u00e9).<\/p><p>Lors d\u2019une cotisation en couple ou famille, la 2<sup>\u00e8me<\/sup> personne ne paiera que 20 \u20ac.<\/p><p>La cotisation est due pour l\u2019ann\u00e9e en cours par tout membre admis avant le 1er octobre.<\/p><p>Chaque adh\u00e9sion faite du 1er Juin au 30 septembre sera demi-tarif pour le reste de l\u2019ann\u00e9e.<\/p><p>A partir du 1<sup>er<\/sup> Octobre, les cotisations recueillies lors d\u2019adh\u00e9sions nouvelles seront compt\u00e9es pour l\u2019ann\u00e9e suivante.<\/p><p>La cotisation \u00a0est payable dans le courant du 1er trimestre de chaque ann\u00e9e,\u00a0 au plus tard le 31 mars. Elle peut \u00eatre fractionn\u00e9e en deux ou trois fois.<\/p><p>La cotisation peut \u00eatre r\u00e9gl\u00e9e lors de l&rsquo;Assembl\u00e9e G\u00e9n\u00e9rale annuelle lorsque celle-ci se tient avant le 31 Mars. Pour assister \u00e0 l&rsquo;Assembl\u00e9e G\u00e9n\u00e9rale, l&rsquo;adh\u00e9rent doit \u00eatre \u00e0 jour de sa cotisation.<\/p><p>Le non-paiement de la cotisation au plus tard le 31 Mars entra\u00eenera l&rsquo;application de l\u2019article 9 des statuts.<\/p><blockquote><p>Le Club Lorient Qu\u00e9ven Sport Canin est une association de type loi de 1901, les intervenants sont tous b\u00e9n\u00e9voles. Les cotisations servent \u00e0 assurer les frais de fonctionnement du club.<br \/>Nous rappelons que les clubs d\u2019utilisation, dont le CLQSC fait partie, ne peuvent se substituer aux clubs de race pour les pr\u00e9parations sp\u00e9cifiques \u00e0 l\u2019obtention des tests de caract\u00e8re et d\u2019aptitude naturelle (TAN, NHAT etc.)<\/p><\/blockquote><\/div>\n\t\t\t\t<\/div>\n\t\t\t\t<\/div>\n\t\t\t\t\t\t<\/div>\n\t\t\t\t\t<\/div>\n\t\t<\/div>\n\t\t\t\t\t\t\t\t<\/div>\n\t\t\t\t\t<\/div>\n\t\t<\/section>\n\t\t\t\t\t\t<\/div>\n\t\t\t\t\t\t<\/div>\n\t\t\t\t\t<\/div>\n\t\t","protected":false},"excerpt":{"rendered":"<p>Documents \u00e0 t\u00e9l\u00e9charger : Demande d&rsquo;adh\u00e9sion ou renouvellement\u00a0 2026 Licences CUN 2026 Propri\u00e9taire Conducteur Auxiliaire HA Licences CNEAC 2026 Propri\u00e9taire Conducteur Intervenant Licences CUNSE 2026 Pr\u00e9cisions sur la cotisation. Le montant de la cotisation&#46;&#46;&#46;<\/p>\n","protected":false},"author":1,"featured_media":5598,"parent":114,"menu_order":2,"comment_status":"closed","ping_status":"closed","template":"","meta":{"footnotes":""},"class_list":["post-178","page","type-page","status-publish","has-post-thumbnail","hentry"],"_links":{"self":[{"href":"https:\/\/www.club-lorient-queven-sport-canin.fr\/index.php?rest_route=\/wp\/v2\/pages\/178","targetHints":{"allow":["GET"]}}],"collection":[{"href":"https:\/\/www.club-lorient-queven-sport-canin.fr\/index.php?rest_route=\/wp\/v2\/pages"}],"about":[{"href":"https:\/\/www.club-lorient-queven-sport-canin.fr\/index.php?rest_route=\/wp\/v2\/types\/page"}],"author":[{"embeddable":true,"href":"https:\/\/www.club-lorient-queven-sport-canin.fr\/index.php?rest_route=\/wp\/v2\/users\/1"}],"replies":[{"embeddable":true,"href":"https:\/\/www.club-lorient-queven-sport-canin.fr\/index.php?rest_route=%2Fwp%2Fv2%2Fcomments&post=178"}],"version-history":[{"count":132,"href":"https:\/\/www.club-lorient-queven-sport-canin.fr\/index.php?rest_route=\/wp\/v2\/pages\/178\/revisions"}],"predecessor-version":[{"id":9212,"href":"https:\/\/www.club-lorient-queven-sport-canin.fr\/index.php?rest_route=\/wp\/v2\/pages\/178\/revisions\/9212"}],"up":[{"embeddable":true,"href":"https:\/\/www.club-lorient-queven-sport-canin.fr\/index.php?rest_route=\/wp\/v2\/pages\/114"}],"wp:featuredmedia":[{"embeddable":true,"href":"https:\/\/www.club-lorient-queven-sport-canin.fr\/index.php?rest_route=\/wp\/v2\/media\/5598"}],"wp:attachment":[{"href":"https:\/\/www.club-lorient-queven-sport-canin.fr\/index.php?rest_route=%2Fwp%2Fv2%2Fmedia&parent=178"}],"curies":[{"name":"wp","href":"https:\/\/api.w.org\/{rel}","templated":true}]}}