{"id":5738,"date":"2019-05-29T14:25:54","date_gmt":"2019-05-29T12:25:54","guid":{"rendered":"http:\/\/www.club-lorient-queven-sport-canin.fr\/?page_id=5738"},"modified":"2020-03-11T19:40:28","modified_gmt":"2020-03-11T18:40:28","slug":"pistage-ifh-fci","status":"publish","type":"page","link":"https:\/\/www.club-lorient-queven-sport-canin.fr\/?page_id=5738","title":{"rendered":"Pistage IFH (FCI)"},"content":{"rendered":"\t\t<div data-elementor-type=\"wp-page\" data-elementor-id=\"5738\" class=\"elementor elementor-5738\" data-elementor-settings=\"[]\">\n\t\t\t\t\t\t<div class=\"elementor-inner\">\n\t\t\t\t\t\t\t<div class=\"elementor-section-wrap\">\n\t\t\t\t\t\t\t<section class=\"elementor-section elementor-top-section elementor-element elementor-element-321e90b elementor-section-boxed elementor-section-height-default elementor-section-height-default\" data-id=\"321e90b\" data-element_type=\"section\">\n\t\t\t\t\t\t<div class=\"elementor-container elementor-column-gap-default\">\n\t\t\t\t\t\t\t<div class=\"elementor-row\">\n\t\t\t\t\t<div class=\"elementor-column elementor-col-100 elementor-top-column elementor-element elementor-element-2013d584\" data-id=\"2013d584\" data-element_type=\"column\">\n\t\t\t<div class=\"elementor-column-wrap elementor-element-populated\">\n\t\t\t\t\t\t\t<div class=\"elementor-widget-wrap\">\n\t\t\t\t\t\t<div class=\"elementor-element elementor-element-dc47c12 elementor-widget elementor-widget-text-editor\" data-id=\"dc47c12\" data-element_type=\"widget\" data-widget_type=\"text-editor.default\">\n\t\t\t\t<div class=\"elementor-widget-container\">\n\t\t\t\t\t<div class=\"elementor-text-editor elementor-clearfix\"><p><!-- wp:paragraph --><\/p>\n<p>Qu&rsquo;est-ce que le Pistage IFH ?<\/p>\n<p><!-- \/wp:paragraph --><!-- wp:paragraph --><\/p>\n<p>IFH est la nouvelle appellation du Pistage FCI.<\/p>\n<p>Il signifie : Internationale Gebrauchshunde Pr\u00fcfungordnung.<\/p>\n<p>Comme on le voit, c&rsquo;est une discipline internationale qui a pour berceau d&rsquo;origine l&rsquo;Allemagne.<\/p>\n<p>Seuls les chiens LOF peuvent concourir en Pistage IFH.<\/p>\n<p>C&rsquo;est une \u00e9preuve de pistage en trait sur piste froide, qui exige une grande pr\u00e9cision du\u00a0 chien, le ma\u00eetre suivant \u00e0 une distance d&rsquo;un cordeau, soit 10 m\u00e8tres.<\/p>\n<p>La piste est pos\u00e9e par le traceur qui dispose des objets sur le parcours. Le chien marque les objets, soit couch\u00e9, soit assis, soit debout, l&rsquo;objet doit \u00eatre entre les pattes avant. Le rapport d&rsquo;objet est autoris\u00e9.<\/p>\n<p>Un faux traceur coupera la piste avant le d\u00e9part du chien. (piste plus chaude que la piste \u00e0 suivre.)<\/p>\n<p>\u00a0<\/p>\n<p>Lorsque le chien rel\u00e8ve la piste,pos\u00e9e parfois trois heures auparavant,\u00a0 le juge suit l&rsquo;\u00e9quipe cynophile, plan de piste en main, guid\u00e9 par le traceur.<\/p>\n<p>Le r\u00f4le du traceur et du chef de piste est primordial. C&rsquo;est sur eux que repose la r\u00e9ussite d&rsquo;un concours.<\/p>\n<p>En Bretagne, les clubs proposant le Pistage IFH sont peu nombreux : 6 clubs en tout : Tr\u00e9gueux (22); Saint Brandan (22); Grand Champ (56) ; Saint Av\u00e9 (56) ; Sulniac (56) ; et Lorient-Qu\u00e9ven o\u00f9 la section est toute jeune et recherche des conducteurs.<\/p>\n<p><!-- \/wp:paragraph --><!-- wp:paragraph --><\/p>\n<p><!-- \/wp:paragraph --><!-- wp:paragraph --><\/p>\n<p><!-- \/wp:paragraph --><\/p><\/div>\n\t\t\t\t<\/div>\n\t\t\t\t<\/div>\n\t\t\t\t\t\t<\/div>\n\t\t\t\t\t<\/div>\n\t\t<\/div>\n\t\t\t\t\t\t\t\t<\/div>\n\t\t\t\t\t<\/div>\n\t\t<\/section>\n\t\t\t\t<section class=\"elementor-section elementor-top-section elementor-element elementor-element-d977114 elementor-section-boxed elementor-section-height-default elementor-section-height-default\" data-id=\"d977114\" data-element_type=\"section\">\n\t\t\t\t\t\t<div class=\"elementor-container elementor-column-gap-default\">\n\t\t\t\t\t\t\t<div class=\"elementor-row\">\n\t\t\t\t\t<div class=\"elementor-column elementor-col-100 elementor-top-column elementor-element elementor-element-13261d7\" data-id=\"13261d7\" data-element_type=\"column\">\n\t\t\t<div class=\"elementor-column-wrap elementor-element-populated\">\n\t\t\t\t\t\t\t<div class=\"elementor-widget-wrap\">\n\t\t\t\t\t\t<div class=\"elementor-element elementor-element-d64b823 elementor-widget elementor-widget-text-editor\" data-id=\"d64b823\" data-element_type=\"widget\" data-widget_type=\"text-editor.default\">\n\t\t\t\t<div class=\"elementor-widget-container\">\n\t\t\t\t\t<div class=\"elementor-text-editor elementor-clearfix\"><p><a href=\"https:\/\/www.club-lorient-queven-sport-canin.fr\/wp-content\/uploads\/2020\/03\/R\u00e9glement-IFH.pdf\">Extrait du r\u00e8glement International du Chien d&rsquo;Utilit\u00e9, partie Pistage IFH. Page 25 \u00e0 29 du r\u00e8glement.<\/a><\/p><\/div>\n\t\t\t\t<\/div>\n\t\t\t\t<\/div>\n\t\t\t\t\t\t<\/div>\n\t\t\t\t\t<\/div>\n\t\t<\/div>\n\t\t\t\t\t\t\t\t<\/div>\n\t\t\t\t\t<\/div>\n\t\t<\/section>\n\t\t\t\t<section class=\"elementor-section elementor-top-section elementor-element elementor-element-c7de443 elementor-section-boxed elementor-section-height-default elementor-section-height-default\" data-id=\"c7de443\" data-element_type=\"section\">\n\t\t\t\t\t\t<div class=\"elementor-container elementor-column-gap-default\">\n\t\t\t\t\t\t\t<div class=\"elementor-row\">\n\t\t\t\t\t<div class=\"elementor-column elementor-col-100 elementor-top-column elementor-element elementor-element-fbfc24b\" data-id=\"fbfc24b\" data-element_type=\"column\">\n\t\t\t<div class=\"elementor-column-wrap elementor-element-populated\">\n\t\t\t\t\t\t\t<div class=\"elementor-widget-wrap\">\n\t\t\t\t\t\t<div class=\"elementor-element elementor-element-db65b3c elementor-widget elementor-widget-text-editor\" data-id=\"db65b3c\" data-element_type=\"widget\" data-widget_type=\"text-editor.default\">\n\t\t\t\t<div class=\"elementor-widget-container\">\n\t\t\t\t\t<div class=\"elementor-text-editor elementor-clearfix\"><p><a href=\"https:\/\/www.centrale-canine.fr\/cuncbg-gt-igp-fh\/articles\/nouveau-reglement-igp-fh\">Nouveau R\u00e8glement IGP &#8211; FH &#8211; R\u00e8glement International du Chien d&rsquo;Utilit\u00e9.<\/a><\/p><\/div>\n\t\t\t\t<\/div>\n\t\t\t\t<\/div>\n\t\t\t\t\t\t<\/div>\n\t\t\t\t\t<\/div>\n\t\t<\/div>\n\t\t\t\t\t\t\t\t<\/div>\n\t\t\t\t\t<\/div>\n\t\t<\/section>\n\t\t\t\t\t\t<\/div>\n\t\t\t\t\t\t<\/div>\n\t\t\t\t\t<\/div>\n\t\t","protected":false},"excerpt":{"rendered":"<p>Qu&rsquo;est-ce que le Pistage IFH ? IFH est la nouvelle appellation du Pistage FCI. Il signifie : Internationale Gebrauchshunde Pr\u00fcfungordnung. Comme on le voit, c&rsquo;est une discipline internationale qui a pour berceau d&rsquo;origine l&rsquo;Allemagne.&#46;&#46;&#46;<\/p>\n","protected":false},"author":1,"featured_media":0,"parent":0,"menu_order":0,"comment_status":"closed","ping_status":"closed","template":"","meta":{"footnotes":""},"class_list":["post-5738","page","type-page","status-publish","hentry"],"_links":{"self":[{"href":"https:\/\/www.club-lorient-queven-sport-canin.fr\/index.php?rest_route=\/wp\/v2\/pages\/5738","targetHints":{"allow":["GET"]}}],"collection":[{"href":"https:\/\/www.club-lorient-queven-sport-canin.fr\/index.php?rest_route=\/wp\/v2\/pages"}],"about":[{"href":"https:\/\/www.club-lorient-queven-sport-canin.fr\/index.php?rest_route=\/wp\/v2\/types\/page"}],"author":[{"embeddable":true,"href":"https:\/\/www.club-lorient-queven-sport-canin.fr\/index.php?rest_route=\/wp\/v2\/users\/1"}],"replies":[{"embeddable":true,"href":"https:\/\/www.club-lorient-queven-sport-canin.fr\/index.php?rest_route=%2Fwp%2Fv2%2Fcomments&post=5738"}],"version-history":[{"count":10,"href":"https:\/\/www.club-lorient-queven-sport-canin.fr\/index.php?rest_route=\/wp\/v2\/pages\/5738\/revisions"}],"predecessor-version":[{"id":6452,"href":"https:\/\/www.club-lorient-queven-sport-canin.fr\/index.php?rest_route=\/wp\/v2\/pages\/5738\/revisions\/6452"}],"wp:attachment":[{"href":"https:\/\/www.club-lorient-queven-sport-canin.fr\/index.php?rest_route=%2Fwp%2Fv2%2Fmedia&parent=5738"}],"curies":[{"name":"wp","href":"https:\/\/api.w.org\/{rel}","templated":true}]}}