{"id":5755,"date":"2019-06-13T23:54:04","date_gmt":"2019-06-13T21:54:04","guid":{"rendered":"http:\/\/www.club-lorient-queven-sport-canin.fr\/?page_id=5755"},"modified":"2026-02-07T18:08:08","modified_gmt":"2026-02-07T17:08:08","slug":"elementor-5755","status":"publish","type":"page","link":"https:\/\/www.club-lorient-queven-sport-canin.fr\/","title":{"rendered":"Accueil"},"content":{"rendered":"\t\t<div data-elementor-type=\"wp-post\" data-elementor-id=\"5755\" class=\"elementor elementor-5755\" data-elementor-settings=\"[]\">\n\t\t\t\t\t\t<div class=\"elementor-inner\">\n\t\t\t\t\t\t\t<div class=\"elementor-section-wrap\">\n\t\t\t\t\t\t\t<section class=\"elementor-section elementor-top-section elementor-element elementor-element-fe0f70d elementor-section-boxed elementor-section-height-default elementor-section-height-default\" data-id=\"fe0f70d\" data-element_type=\"section\">\n\t\t\t\t\t\t<div class=\"elementor-container elementor-column-gap-default\">\n\t\t\t\t\t\t\t<div class=\"elementor-row\">\n\t\t\t\t\t<div class=\"elementor-column elementor-col-50 elementor-top-column elementor-element elementor-element-fa008aa\" data-id=\"fa008aa\" data-element_type=\"column\">\n\t\t\t<div class=\"elementor-column-wrap elementor-element-populated\">\n\t\t\t\t\t\t\t<div class=\"elementor-widget-wrap\">\n\t\t\t\t\t\t<div class=\"elementor-element elementor-element-6a11e63 elementor-invisible elementor-widget elementor-widget-image\" data-id=\"6a11e63\" data-element_type=\"widget\" data-settings=\"{&quot;_animation&quot;:&quot;fadeInUp&quot;}\" data-widget_type=\"image.default\">\n\t\t\t\t<div class=\"elementor-widget-container\">\n\t\t\t\t\t<div class=\"elementor-image\">\n\t\t\t\t\t\t\t\t\t\t<img loading=\"lazy\" decoding=\"async\" width=\"320\" height=\"320\" src=\"https:\/\/www.club-lorient-queven-sport-canin.fr\/wp-content\/uploads\/2024\/10\/Tete-Tigus-320x320.jpg\" class=\"attachment-thumb-standard size-thumb-standard\" alt=\"\" srcset=\"https:\/\/www.club-lorient-queven-sport-canin.fr\/wp-content\/uploads\/2024\/10\/Tete-Tigus-320x320.jpg 320w, https:\/\/www.club-lorient-queven-sport-canin.fr\/wp-content\/uploads\/2024\/10\/Tete-Tigus-150x150.jpg 150w, https:\/\/www.club-lorient-queven-sport-canin.fr\/wp-content\/uploads\/2024\/10\/Tete-Tigus-80x80.jpg 80w\" sizes=\"auto, (max-width: 320px) 100vw, 320px\" \/>\t\t\t\t\t\t\t\t\t\t\t<\/div>\n\t\t\t\t<\/div>\n\t\t\t\t<\/div>\n\t\t\t\t\t\t<\/div>\n\t\t\t\t\t<\/div>\n\t\t<\/div>\n\t\t\t\t<div class=\"elementor-column elementor-col-50 elementor-top-column elementor-element elementor-element-c2e2b5a\" data-id=\"c2e2b5a\" data-element_type=\"column\">\n\t\t\t<div class=\"elementor-column-wrap elementor-element-populated\">\n\t\t\t\t\t\t\t<div class=\"elementor-widget-wrap\">\n\t\t\t\t\t\t<div class=\"elementor-element elementor-element-2f11e0d elementor-invisible elementor-widget elementor-widget-image-carousel\" data-id=\"2f11e0d\" data-element_type=\"widget\" data-settings=\"{&quot;slides_to_show&quot;:&quot;1&quot;,&quot;navigation&quot;:&quot;none&quot;,&quot;_animation&quot;:&quot;bounceIn&quot;,&quot;autoplay&quot;:&quot;yes&quot;,&quot;pause_on_hover&quot;:&quot;yes&quot;,&quot;pause_on_interaction&quot;:&quot;yes&quot;,&quot;autoplay_speed&quot;:5000,&quot;infinite&quot;:&quot;yes&quot;,&quot;effect&quot;:&quot;slide&quot;,&quot;speed&quot;:500}\" data-widget_type=\"image-carousel.default\">\n\t\t\t\t<div class=\"elementor-widget-container\">\n\t\t\t\t\t<div class=\"elementor-image-carousel-wrapper swiper-container\" dir=\"ltr\">\n\t\t\t<div class=\"elementor-image-carousel swiper-wrapper\">\n\t\t\t\t<div class=\"swiper-slide\"><figure class=\"swiper-slide-inner\"><img decoding=\"async\" class=\"swiper-slide-image\" src=\"https:\/\/www.club-lorient-queven-sport-canin.fr\/wp-content\/uploads\/elementor\/thumbs\/27336384_1616442595101838_3148590920760405275_n-nrquehg3dbcmxro0k0q1zzlh4zwml49rx990l56sam.jpg\" alt=\"27336384_1616442595101838_3148590920760405275_n\" \/><\/figure><\/div><div class=\"swiper-slide\"><figure class=\"swiper-slide-inner\"><img decoding=\"async\" class=\"swiper-slide-image\" src=\"https:\/\/www.club-lorient-queven-sport-canin.fr\/wp-content\/uploads\/elementor\/thumbs\/jazz-coupe-o8clod7jgevfyrkve7nt36p3had7v6a8ryvbawuhtq.jpg\" alt=\"jazz coupe\" \/><\/figure><\/div><div class=\"swiper-slide\"><figure class=\"swiper-slide-inner\"><img decoding=\"async\" class=\"swiper-slide-image\" src=\"https:\/\/www.club-lorient-queven-sport-canin.fr\/wp-content\/uploads\/elementor\/thumbs\/P1130680-Copy-nu47wa27cv3p9eh5trunreoll2v7q5enz3ewgfkczi.jpg\" alt=\"La convivialit\u00e9, un ma\u00eetre mot pour Paul.\nRepas du club le 30 Juin 2018.\" \/><\/figure><\/div><div class=\"swiper-slide\"><figure class=\"swiper-slide-inner\"><img decoding=\"async\" class=\"swiper-slide-image\" src=\"https:\/\/www.club-lorient-queven-sport-canin.fr\/wp-content\/uploads\/elementor\/thumbs\/DSC_1304-Copy-nvyptiof0aq0cvf1x36piveiayia4gyc4mit8ds6ny.jpg\" alt=\"Patrice f\u00e9licite Irus.\" \/><\/figure><\/div><div class=\"swiper-slide\"><figure class=\"swiper-slide-inner\"><img decoding=\"async\" class=\"swiper-slide-image\" src=\"https:\/\/www.club-lorient-queven-sport-canin.fr\/wp-content\/uploads\/elementor\/thumbs\/19-nllv29slxq038wc1xes4q2dmcao2n71fbex6lhryri.jpg\" alt=\"Bravo, Fiston !\" \/><\/figure><\/div><div class=\"swiper-slide\"><figure class=\"swiper-slide-inner\"><img decoding=\"async\" class=\"swiper-slide-image\" src=\"https:\/\/www.club-lorient-queven-sport-canin.fr\/wp-content\/uploads\/elementor\/thumbs\/IMG_7976-o97uvg86r80mmis3h4eyov4f463ujjlkzf2rpql8se.png\" alt=\"IMG_7976\" \/><\/figure><\/div><div class=\"swiper-slide\"><figure class=\"swiper-slide-inner\"><img decoding=\"async\" class=\"swiper-slide-image\" src=\"https:\/\/www.club-lorient-queven-sport-canin.fr\/wp-content\/uploads\/elementor\/thumbs\/jethro-o8cloe5dn8wqadji8q2fnogk2o8l2vdz43iss6t3ni.jpg\" alt=\"jethro\" \/><\/figure><\/div><div class=\"swiper-slide\"><figure class=\"swiper-slide-inner\"><img decoding=\"async\" class=\"swiper-slide-image\" src=\"https:\/\/www.club-lorient-queven-sport-canin.fr\/wp-content\/uploads\/elementor\/thumbs\/30441791_198802374231548_1890390401764818944_n-obyw669as6hbqi6zeffsd08l6hq9z52mwijt6voywu.jpg\" alt=\"30441791_198802374231548_1890390401764818944_n\" \/><\/figure><\/div>\t\t\t<\/div>\n\t\t\t\t\t\t\t\t\t\t\t\t\t\t\t\t<\/div>\n\t\t\t\t<\/div>\n\t\t\t\t<\/div>\n\t\t\t\t\t\t<\/div>\n\t\t\t\t\t<\/div>\n\t\t<\/div>\n\t\t\t\t\t\t\t\t<\/div>\n\t\t\t\t\t<\/div>\n\t\t<\/section>\n\t\t\t\t<section class=\"elementor-section elementor-top-section elementor-element elementor-element-b3d9bcc elementor-section-boxed elementor-section-height-default elementor-section-height-default\" data-id=\"b3d9bcc\" data-element_type=\"section\">\n\t\t\t\t\t\t<div class=\"elementor-container elementor-column-gap-default\">\n\t\t\t\t\t\t\t<div class=\"elementor-row\">\n\t\t\t\t\t<div class=\"elementor-column elementor-col-100 elementor-top-column elementor-element elementor-element-e26bf8e\" data-id=\"e26bf8e\" data-element_type=\"column\">\n\t\t\t<div class=\"elementor-column-wrap elementor-element-populated\">\n\t\t\t\t\t\t\t<div class=\"elementor-widget-wrap\">\n\t\t\t\t\t\t<div class=\"elementor-element elementor-element-ee2d208 animated-slow elementor-widget-divider--view-line elementor-invisible elementor-widget elementor-widget-divider\" data-id=\"ee2d208\" data-element_type=\"widget\" data-settings=\"{&quot;_animation&quot;:&quot;fadeInUp&quot;}\" data-widget_type=\"divider.default\">\n\t\t\t\t<div class=\"elementor-widget-container\">\n\t\t\t\t\t<div class=\"elementor-divider\">\n\t\t\t<span class=\"elementor-divider-separator\">\n\t\t\t\t\t\t<\/span>\n\t\t<\/div>\n\t\t\t\t<\/div>\n\t\t\t\t<\/div>\n\t\t\t\t\t\t<\/div>\n\t\t\t\t\t<\/div>\n\t\t<\/div>\n\t\t\t\t\t\t\t\t<\/div>\n\t\t\t\t\t<\/div>\n\t\t<\/section>\n\t\t\t\t<section class=\"elementor-section elementor-top-section elementor-element elementor-element-e88413a elementor-section-boxed elementor-section-height-default elementor-section-height-default\" data-id=\"e88413a\" data-element_type=\"section\">\n\t\t\t\t\t\t<div class=\"elementor-container elementor-column-gap-default\">\n\t\t\t\t\t\t\t<div class=\"elementor-row\">\n\t\t\t\t\t<div class=\"elementor-column elementor-col-100 elementor-top-column elementor-element elementor-element-0493d46\" data-id=\"0493d46\" data-element_type=\"column\">\n\t\t\t<div class=\"elementor-column-wrap elementor-element-populated\">\n\t\t\t\t\t\t\t<div class=\"elementor-widget-wrap\">\n\t\t\t\t\t\t<div class=\"elementor-element elementor-element-958215b elementor-invisible elementor-widget elementor-widget-text-editor\" data-id=\"958215b\" data-element_type=\"widget\" data-settings=\"{&quot;_animation&quot;:&quot;fadeInUp&quot;}\" data-widget_type=\"text-editor.default\">\n\t\t\t\t<div class=\"elementor-widget-container\">\n\t\t\t\t\t<div class=\"elementor-text-editor elementor-clearfix\"><h3>Bonjour et Bienvenue<\/h3><h3>sur le site du Club Lorient Qu\u00e9ven Sport Canin !<\/h3><h2><strong><a href=\"https:\/\/www.club-lorient-queven-sport-canin.fr\/wp-content\/uploads\/2026\/02\/Affichage-2.pdf\">Le comit\u00e9 du CLQSC<\/a><\/strong><\/h2><\/div>\n\t\t\t\t<\/div>\n\t\t\t\t<\/div>\n\t\t\t\t<div class=\"elementor-element elementor-element-a11f9e8 animated-slow elementor-widget-divider--view-line elementor-invisible elementor-widget elementor-widget-divider\" data-id=\"a11f9e8\" data-element_type=\"widget\" data-settings=\"{&quot;_animation&quot;:&quot;fadeInUp&quot;}\" data-widget_type=\"divider.default\">\n\t\t\t\t<div class=\"elementor-widget-container\">\n\t\t\t\t\t<div class=\"elementor-divider\">\n\t\t\t<span class=\"elementor-divider-separator\">\n\t\t\t\t\t\t<\/span>\n\t\t<\/div>\n\t\t\t\t<\/div>\n\t\t\t\t<\/div>\n\t\t\t\t\t\t<\/div>\n\t\t\t\t\t<\/div>\n\t\t<\/div>\n\t\t\t\t\t\t\t\t<\/div>\n\t\t\t\t\t<\/div>\n\t\t<\/section>\n\t\t\t\t<section class=\"elementor-section elementor-top-section elementor-element elementor-element-d985828 elementor-section-boxed elementor-section-height-default elementor-section-height-default\" data-id=\"d985828\" data-element_type=\"section\">\n\t\t\t\t\t\t<div class=\"elementor-container elementor-column-gap-default\">\n\t\t\t\t\t\t\t<div class=\"elementor-row\">\n\t\t\t\t\t<div class=\"elementor-column elementor-col-33 elementor-top-column elementor-element elementor-element-b148f03\" data-id=\"b148f03\" data-element_type=\"column\">\n\t\t\t<div class=\"elementor-column-wrap elementor-element-populated\">\n\t\t\t\t\t\t\t<div class=\"elementor-widget-wrap\">\n\t\t\t\t\t\t<div class=\"elementor-element elementor-element-c9471ea elementor-widget elementor-widget-wp-widget-alxposts\" data-id=\"c9471ea\" data-element_type=\"widget\" data-widget_type=\"wp-widget-alxposts.default\">\n\t\t\t\t<div class=\"elementor-widget-container\">\n\t\t\t\n<h5><\/h5>\r\n\t\r\n\t<ul class=\"alx-posts group thumbs-enabled\">\r\n    \t\t\t\t<li>\r\n\r\n\t\t\t\t\t\t<div class=\"post-item-thumbnail\">\r\n\t\t\t\t<a href=\"https:\/\/www.club-lorient-queven-sport-canin.fr\/?p=9266\">\r\n\t\t\t\t\t<img loading=\"lazy\" decoding=\"async\" width=\"520\" height=\"245\" src=\"https:\/\/www.club-lorient-queven-sport-canin.fr\/wp-content\/uploads\/2024\/10\/459928331_122197679750030789_2129062282695714959_n-520x245.jpg\" class=\"attachment-thumb-medium size-thumb-medium wp-post-image\" alt=\"\" \/>\t\t\t\t\t\t\t\t\t\t\t\t\t\t\t\t\t\t\t<\/a>\r\n\t\t\t<\/div>\r\n\t\t\t\r\n\t\t\t<div class=\"post-item-inner group\">\r\n\t\t\t\t<p class=\"post-item-category\"><a href=\"https:\/\/www.club-lorient-queven-sport-canin.fr\/?cat=11\" rel=\"category\">Mordant Sportif<\/a> \/ <a href=\"https:\/\/www.club-lorient-queven-sport-canin.fr\/?cat=6\" rel=\"category\">Nos concours<\/a><\/p>\t\t\t\t<p class=\"post-item-title\"><a href=\"https:\/\/www.club-lorient-queven-sport-canin.fr\/?p=9266\" rel=\"bookmark\" title=\"Permalink to Championnat de Bretagne Ring &#8211; 2 -3- 4 Octobre 2026\">Championnat de Bretagne Ring &#8211; 2 -3- 4 Octobre 2026<\/a><\/p>\r\n\t\t\t\t<p class=\"post-item-date\">2 F\u00e9v, 2026<\/p>\t\t\t<\/div>\r\n\r\n\t\t<\/li>\r\n\t\t\t\t<li>\r\n\r\n\t\t\t\t\t\t<div class=\"post-item-thumbnail\">\r\n\t\t\t\t<a href=\"https:\/\/www.club-lorient-queven-sport-canin.fr\/?p=9261\">\r\n\t\t\t\t\t<img loading=\"lazy\" decoding=\"async\" width=\"520\" height=\"245\" src=\"https:\/\/www.club-lorient-queven-sport-canin.fr\/wp-content\/uploads\/2022\/07\/P1330681-Copy-Copy-520x245.jpg\" class=\"attachment-thumb-medium size-thumb-medium wp-post-image\" alt=\"\" \/>\t\t\t\t\t\t\t\t\t\t\t\t\t\t\t\t\t\t\t<\/a>\r\n\t\t\t<\/div>\r\n\t\t\t\r\n\t\t\t<div class=\"post-item-inner group\">\r\n\t\t\t\t<p class=\"post-item-category\"><a href=\"https:\/\/www.club-lorient-queven-sport-canin.fr\/?cat=6\" rel=\"category\">Nos concours<\/a> \/ <a href=\"https:\/\/www.club-lorient-queven-sport-canin.fr\/?cat=14\" rel=\"category\">RU<\/a><\/p>\t\t\t\t<p class=\"post-item-title\"><a href=\"https:\/\/www.club-lorient-queven-sport-canin.fr\/?p=9261\" rel=\"bookmark\" title=\"Permalink to Epreuves RU &#8211; 19 et 20 Septembre 2026\">Epreuves RU &#8211; 19 et 20 Septembre 2026<\/a><\/p>\r\n\t\t\t\t<p class=\"post-item-date\">2 F\u00e9v, 2026<\/p>\t\t\t<\/div>\r\n\r\n\t\t<\/li>\r\n\t\t\t\t<li>\r\n\r\n\t\t\t\t\t\t<div class=\"post-item-thumbnail\">\r\n\t\t\t\t<a href=\"https:\/\/www.club-lorient-queven-sport-canin.fr\/?p=9255\">\r\n\t\t\t\t\t<img loading=\"lazy\" decoding=\"async\" width=\"222\" height=\"227\" src=\"https:\/\/www.club-lorient-queven-sport-canin.fr\/wp-content\/uploads\/2024\/05\/images.jpg\" class=\"attachment-thumb-medium size-thumb-medium wp-post-image\" alt=\"\" \/>\t\t\t\t\t\t\t\t\t\t\t\t\t\t\t\t\t\t\t<\/a>\r\n\t\t\t<\/div>\r\n\t\t\t\r\n\t\t\t<div class=\"post-item-inner group\">\r\n\t\t\t\t<p class=\"post-item-category\"><a href=\"https:\/\/www.club-lorient-queven-sport-canin.fr\/?cat=22\" rel=\"category\">Mondioring<\/a> \/ <a href=\"https:\/\/www.club-lorient-queven-sport-canin.fr\/?cat=6\" rel=\"category\">Nos concours<\/a><\/p>\t\t\t\t<p class=\"post-item-title\"><a href=\"https:\/\/www.club-lorient-queven-sport-canin.fr\/?p=9255\" rel=\"bookmark\" title=\"Permalink to Concours Mondioring &#8211; 18 &#8211; 19 Juillet 2026\">Concours Mondioring &#8211; 18 &#8211; 19 Juillet 2026<\/a><\/p>\r\n\t\t\t\t<p class=\"post-item-date\">2 F\u00e9v, 2026<\/p>\t\t\t<\/div>\r\n\r\n\t\t<\/li>\r\n\t\t\t\t<li>\r\n\r\n\t\t\t\t\t\t<div class=\"post-item-thumbnail\">\r\n\t\t\t\t<a href=\"https:\/\/www.club-lorient-queven-sport-canin.fr\/?p=9250\">\r\n\t\t\t\t\t<img loading=\"lazy\" decoding=\"async\" width=\"368\" height=\"245\" src=\"https:\/\/www.club-lorient-queven-sport-canin.fr\/wp-content\/uploads\/2019\/05\/DSC_0454.jpg\" class=\"attachment-thumb-medium size-thumb-medium wp-post-image\" alt=\"\" srcset=\"https:\/\/www.club-lorient-queven-sport-canin.fr\/wp-content\/uploads\/2019\/05\/DSC_0454.jpg 3456w, https:\/\/www.club-lorient-queven-sport-canin.fr\/wp-content\/uploads\/2019\/05\/DSC_0454-300x200.jpg 300w\" sizes=\"auto, (max-width: 368px) 100vw, 368px\" \/>\t\t\t\t\t\t\t\t\t\t\t\t\t\t\t\t\t\t\t<\/a>\r\n\t\t\t<\/div>\r\n\t\t\t\r\n\t\t\t<div class=\"post-item-inner group\">\r\n\t\t\t\t<p class=\"post-item-category\"><a href=\"https:\/\/www.club-lorient-queven-sport-canin.fr\/?cat=9\" rel=\"category\">Agility<\/a> \/ <a href=\"https:\/\/www.club-lorient-queven-sport-canin.fr\/?cat=6\" rel=\"category\">Nos concours<\/a><\/p>\t\t\t\t<p class=\"post-item-title\"><a href=\"https:\/\/www.club-lorient-queven-sport-canin.fr\/?p=9250\" rel=\"bookmark\" title=\"Permalink to Concours Agility 14 Juin 2026\">Concours Agility 14 Juin 2026<\/a><\/p>\r\n\t\t\t\t<p class=\"post-item-date\">2 F\u00e9v, 2026<\/p>\t\t\t<\/div>\r\n\r\n\t\t<\/li>\r\n\t\t\t\t    \t<\/ul><!--\/.alx-posts-->\r\n\r\n\n\t\t<\/div>\n\t\t\t\t<\/div>\n\t\t\t\t\t\t<\/div>\n\t\t\t\t\t<\/div>\n\t\t<\/div>\n\t\t\t\t<div class=\"elementor-column elementor-col-33 elementor-top-column elementor-element elementor-element-942fa51\" data-id=\"942fa51\" data-element_type=\"column\">\n\t\t\t<div class=\"elementor-column-wrap elementor-element-populated\">\n\t\t\t\t\t\t\t<div class=\"elementor-widget-wrap\">\n\t\t\t\t\t\t<div class=\"elementor-element elementor-element-7a5764c elementor-widget elementor-widget-wp-widget-alxposts\" data-id=\"7a5764c\" data-element_type=\"widget\" data-widget_type=\"wp-widget-alxposts.default\">\n\t\t\t\t<div class=\"elementor-widget-container\">\n\t\t\t\n<h5><\/h5>\r\n\t\r\n\t<ul class=\"alx-posts group thumbs-enabled\">\r\n    \t\t\t\t<li>\r\n\r\n\t\t\t\t\t\t<div class=\"post-item-thumbnail\">\r\n\t\t\t\t<a href=\"https:\/\/www.club-lorient-queven-sport-canin.fr\/?p=9292\">\r\n\t\t\t\t\t<img loading=\"lazy\" decoding=\"async\" width=\"520\" height=\"245\" src=\"https:\/\/www.club-lorient-queven-sport-canin.fr\/wp-content\/uploads\/2026\/04\/20260329101402-520x245.jpg\" class=\"attachment-thumb-medium size-thumb-medium wp-post-image\" alt=\"\" \/>\t\t\t\t\t\t\t\t\t\t\t\t\t\t\t\t\t\t\t<\/a>\r\n\t\t\t<\/div>\r\n\t\t\t\r\n\t\t\t<div class=\"post-item-inner group\">\r\n\t\t\t\t<p class=\"post-item-category\"><a href=\"https:\/\/www.club-lorient-queven-sport-canin.fr\/?cat=18\" rel=\"category\">Vie du club<\/a><\/p>\t\t\t\t<p class=\"post-item-title\"><a href=\"https:\/\/www.club-lorient-queven-sport-canin.fr\/?p=9292\" rel=\"bookmark\" title=\"Permalink to Assembl\u00e9e G\u00e9n\u00e9rale\">Assembl\u00e9e G\u00e9n\u00e9rale<\/a><\/p>\r\n\t\t\t\t<p class=\"post-item-date\">3 Avr, 2026<\/p>\t\t\t<\/div>\r\n\r\n\t\t<\/li>\r\n\t\t\t\t<li>\r\n\r\n\t\t\t\t\t\t<div class=\"post-item-thumbnail\">\r\n\t\t\t\t<a href=\"https:\/\/www.club-lorient-queven-sport-canin.fr\/?p=8876\">\r\n\t\t\t\t\t<img loading=\"lazy\" decoding=\"async\" width=\"520\" height=\"245\" src=\"https:\/\/www.club-lorient-queven-sport-canin.fr\/wp-content\/uploads\/2025\/02\/P1150777-520x245.jpg\" class=\"attachment-thumb-medium size-thumb-medium wp-post-image\" alt=\"\" \/>\t\t\t\t\t\t\t\t\t\t\t\t\t\t\t\t\t\t\t<\/a>\r\n\t\t\t<\/div>\r\n\t\t\t\r\n\t\t\t<div class=\"post-item-inner group\">\r\n\t\t\t\t<p class=\"post-item-category\"><a href=\"https:\/\/www.club-lorient-queven-sport-canin.fr\/?cat=18\" rel=\"category\">Vie du club<\/a><\/p>\t\t\t\t<p class=\"post-item-title\"><a href=\"https:\/\/www.club-lorient-queven-sport-canin.fr\/?p=8876\" rel=\"bookmark\" title=\"Permalink to Assembl\u00e9e G\u00e9n\u00e9rale 2025\">Assembl\u00e9e G\u00e9n\u00e9rale 2025<\/a><\/p>\r\n\t\t\t\t<p class=\"post-item-date\">11 F\u00e9v, 2025<\/p>\t\t\t<\/div>\r\n\r\n\t\t<\/li>\r\n\t\t\t\t<li>\r\n\r\n\t\t\t\t\t\t<div class=\"post-item-thumbnail\">\r\n\t\t\t\t<a href=\"https:\/\/www.club-lorient-queven-sport-canin.fr\/?p=8592\">\r\n\t\t\t\t\t<img loading=\"lazy\" decoding=\"async\" width=\"520\" height=\"245\" src=\"https:\/\/www.club-lorient-queven-sport-canin.fr\/wp-content\/uploads\/2023\/08\/P1080888-Copier-520x245.jpg\" class=\"attachment-thumb-medium size-thumb-medium wp-post-image\" alt=\"\" \/>\t\t\t\t\t\t\t\t\t\t\t\t\t\t\t\t\t\t\t<\/a>\r\n\t\t\t<\/div>\r\n\t\t\t\r\n\t\t\t<div class=\"post-item-inner group\">\r\n\t\t\t\t<p class=\"post-item-category\"><a href=\"https:\/\/www.club-lorient-queven-sport-canin.fr\/?cat=17\" rel=\"category\">Education<\/a> \/ <a href=\"https:\/\/www.club-lorient-queven-sport-canin.fr\/?cat=18\" rel=\"category\">Vie du club<\/a><\/p>\t\t\t\t<p class=\"post-item-title\"><a href=\"https:\/\/www.club-lorient-queven-sport-canin.fr\/?p=8592\" rel=\"bookmark\" title=\"Permalink to 7 Juillet 2024 -Organisation d&rsquo;un CSAU\">7 Juillet 2024 -Organisation d&rsquo;un CSAU<\/a><\/p>\r\n\t\t\t\t<p class=\"post-item-date\">17 Juin, 2024<\/p>\t\t\t<\/div>\r\n\r\n\t\t<\/li>\r\n\t\t\t\t<li>\r\n\r\n\t\t\t\t\t\t<div class=\"post-item-thumbnail\">\r\n\t\t\t\t<a href=\"https:\/\/www.club-lorient-queven-sport-canin.fr\/?p=8487\">\r\n\t\t\t\t\t<img loading=\"lazy\" decoding=\"async\" width=\"520\" height=\"245\" src=\"https:\/\/www.club-lorient-queven-sport-canin.fr\/wp-content\/uploads\/2024\/03\/2202-mars-16-2024_53597985941_o-520x245.jpg\" class=\"attachment-thumb-medium size-thumb-medium wp-post-image\" alt=\"\" \/>\t\t\t\t\t\t\t\t\t\t\t\t\t\t\t\t\t\t\t<\/a>\r\n\t\t\t<\/div>\r\n\t\t\t\r\n\t\t\t<div class=\"post-item-inner group\">\r\n\t\t\t\t<p class=\"post-item-category\"><a href=\"https:\/\/www.club-lorient-queven-sport-canin.fr\/?cat=8\" rel=\"category\">Pistage Fran\u00e7ais<\/a> \/ <a href=\"https:\/\/www.club-lorient-queven-sport-canin.fr\/?cat=18\" rel=\"category\">Vie du club<\/a><\/p>\t\t\t\t<p class=\"post-item-title\"><a href=\"https:\/\/www.club-lorient-queven-sport-canin.fr\/?p=8487\" rel=\"bookmark\" title=\"Permalink to Finale Pistage Fran\u00e7ais 2024\">Finale Pistage Fran\u00e7ais 2024<\/a><\/p>\r\n\t\t\t\t<p class=\"post-item-date\">29 Mar, 2024<\/p>\t\t\t<\/div>\r\n\r\n\t\t<\/li>\r\n\t\t\t\t    \t<\/ul><!--\/.alx-posts-->\r\n\r\n\n\t\t<\/div>\n\t\t\t\t<\/div>\n\t\t\t\t\t\t<\/div>\n\t\t\t\t\t<\/div>\n\t\t<\/div>\n\t\t\t\t<div class=\"elementor-column elementor-col-33 elementor-top-column elementor-element elementor-element-040005d\" data-id=\"040005d\" data-element_type=\"column\">\n\t\t\t<div class=\"elementor-column-wrap elementor-element-populated\">\n\t\t\t\t\t\t\t<div class=\"elementor-widget-wrap\">\n\t\t\t\t\t\t<div class=\"elementor-element elementor-element-01bea1b elementor-widget elementor-widget-wp-widget-alxposts\" data-id=\"01bea1b\" data-element_type=\"widget\" data-widget_type=\"wp-widget-alxposts.default\">\n\t\t\t\t<div class=\"elementor-widget-container\">\n\t\t\t\n<h5><\/h5>\r\n\t\r\n\t<ul class=\"alx-posts group thumbs-enabled\">\r\n    \t\t\t\t<li>\r\n\r\n\t\t\t\t\t\t<div class=\"post-item-thumbnail\">\r\n\t\t\t\t<a href=\"https:\/\/www.club-lorient-queven-sport-canin.fr\/?p=9285\">\r\n\t\t\t\t\t<img loading=\"lazy\" decoding=\"async\" width=\"368\" height=\"245\" src=\"https:\/\/www.club-lorient-queven-sport-canin.fr\/wp-content\/uploads\/2018\/09\/35407431_10214632006305582_2796294997010284544_n.jpg\" class=\"attachment-thumb-medium size-thumb-medium wp-post-image\" alt=\"\" srcset=\"https:\/\/www.club-lorient-queven-sport-canin.fr\/wp-content\/uploads\/2018\/09\/35407431_10214632006305582_2796294997010284544_n.jpg 960w, https:\/\/www.club-lorient-queven-sport-canin.fr\/wp-content\/uploads\/2018\/09\/35407431_10214632006305582_2796294997010284544_n-300x200.jpg 300w\" sizes=\"auto, (max-width: 368px) 100vw, 368px\" \/>\t\t\t\t\t\t\t\t\t\t\t\t\t\t\t\t\t\t\t<\/a>\r\n\t\t\t<\/div>\r\n\t\t\t\r\n\t\t\t<div class=\"post-item-inner group\">\r\n\t\t\t\t<p class=\"post-item-category\"><a href=\"https:\/\/www.club-lorient-queven-sport-canin.fr\/?cat=9\" rel=\"category\">Agility<\/a> \/ <a href=\"https:\/\/www.club-lorient-queven-sport-canin.fr\/?cat=5\" rel=\"category\">R\u00e9sultat<\/a><\/p>\t\t\t\t<p class=\"post-item-title\"><a href=\"https:\/\/www.club-lorient-queven-sport-canin.fr\/?p=9285\" rel=\"bookmark\" title=\"Permalink to Pass Agility\">Pass Agility<\/a><\/p>\r\n\t\t\t\t<p class=\"post-item-date\">28 F\u00e9v, 2026<\/p>\t\t\t<\/div>\r\n\r\n\t\t<\/li>\r\n\t\t\t\t<li>\r\n\r\n\t\t\t\t\t\t<div class=\"post-item-thumbnail\">\r\n\t\t\t\t<a href=\"https:\/\/www.club-lorient-queven-sport-canin.fr\/?p=9277\">\r\n\t\t\t\t\t<img loading=\"lazy\" decoding=\"async\" width=\"520\" height=\"245\" src=\"https:\/\/www.club-lorient-queven-sport-canin.fr\/wp-content\/uploads\/2026\/02\/Assemblage-phot-pour-site-GP-SCC-et-1.jpg-520x245.webp\" class=\"attachment-thumb-medium size-thumb-medium wp-post-image\" alt=\"\" \/>\t\t\t\t\t\t\t\t\t\t\t\t\t\t\t\t\t\t\t<\/a>\r\n\t\t\t<\/div>\r\n\t\t\t\r\n\t\t\t<div class=\"post-item-inner group\">\r\n\t\t\t\t<p class=\"post-item-category\"><a href=\"https:\/\/www.club-lorient-queven-sport-canin.fr\/?cat=8\" rel=\"category\">Pistage Fran\u00e7ais<\/a> \/ <a href=\"https:\/\/www.club-lorient-queven-sport-canin.fr\/?cat=5\" rel=\"category\">R\u00e9sultat<\/a><\/p>\t\t\t\t<p class=\"post-item-title\"><a href=\"https:\/\/www.club-lorient-queven-sport-canin.fr\/?p=9277\" rel=\"bookmark\" title=\"Permalink to Vvatsone et Sherlock\">Vvatsone et Sherlock<\/a><\/p>\r\n\t\t\t\t<p class=\"post-item-date\">7 F\u00e9v, 2026<\/p>\t\t\t<\/div>\r\n\r\n\t\t<\/li>\r\n\t\t\t\t<li>\r\n\r\n\t\t\t\t\t\t<div class=\"post-item-thumbnail\">\r\n\t\t\t\t<a href=\"https:\/\/www.club-lorient-queven-sport-canin.fr\/?p=9243\">\r\n\t\t\t\t\t<img loading=\"lazy\" decoding=\"async\" width=\"520\" height=\"245\" src=\"https:\/\/www.club-lorient-queven-sport-canin.fr\/wp-content\/uploads\/2026\/02\/Sherlock-et-Vvatsone-dans-les-tournesols-520x245.jpg\" class=\"attachment-thumb-medium size-thumb-medium wp-post-image\" alt=\"\" \/>\t\t\t\t\t\t\t\t\t\t\t\t\t\t\t\t\t\t\t<\/a>\r\n\t\t\t<\/div>\r\n\t\t\t\r\n\t\t\t<div class=\"post-item-inner group\">\r\n\t\t\t\t<p class=\"post-item-category\"><a href=\"https:\/\/www.club-lorient-queven-sport-canin.fr\/?cat=8\" rel=\"category\">Pistage Fran\u00e7ais<\/a> \/ <a href=\"https:\/\/www.club-lorient-queven-sport-canin.fr\/?cat=5\" rel=\"category\">R\u00e9sultat<\/a><\/p>\t\t\t\t<p class=\"post-item-title\"><a href=\"https:\/\/www.club-lorient-queven-sport-canin.fr\/?p=9243\" rel=\"bookmark\" title=\"Permalink to Vvatsone de la Petite Vernusse au Grand Prix de France\">Vvatsone de la Petite Vernusse au Grand Prix de France<\/a><\/p>\r\n\t\t\t\t<p class=\"post-item-date\">2 F\u00e9v, 2026<\/p>\t\t\t<\/div>\r\n\r\n\t\t<\/li>\r\n\t\t\t\t    \t<\/ul><!--\/.alx-posts-->\r\n\r\n\n\t\t<\/div>\n\t\t\t\t<\/div>\n\t\t\t\t\t\t<\/div>\n\t\t\t\t\t<\/div>\n\t\t<\/div>\n\t\t\t\t\t\t\t\t<\/div>\n\t\t\t\t\t<\/div>\n\t\t<\/section>\n\t\t\t\t\t\t<\/div>\n\t\t\t\t\t\t<\/div>\n\t\t\t\t\t<\/div>\n\t\t","protected":false},"excerpt":{"rendered":"<p>Bonjour et Bienvenue sur le site du Club Lorient Qu\u00e9ven Sport Canin ! Le comit\u00e9 du CLQSC<\/p>\n","protected":false},"author":1,"featured_media":0,"parent":0,"menu_order":0,"comment_status":"closed","ping_status":"closed","template":"","meta":{"footnotes":""},"class_list":["post-5755","page","type-page","status-publish","hentry"],"_links":{"self":[{"href":"https:\/\/www.club-lorient-queven-sport-canin.fr\/index.php?rest_route=\/wp\/v2\/pages\/5755","targetHints":{"allow":["GET"]}}],"collection":[{"href":"https:\/\/www.club-lorient-queven-sport-canin.fr\/index.php?rest_route=\/wp\/v2\/pages"}],"about":[{"href":"https:\/\/www.club-lorient-queven-sport-canin.fr\/index.php?rest_route=\/wp\/v2\/types\/page"}],"author":[{"embeddable":true,"href":"https:\/\/www.club-lorient-queven-sport-canin.fr\/index.php?rest_route=\/wp\/v2\/users\/1"}],"replies":[{"embeddable":true,"href":"https:\/\/www.club-lorient-queven-sport-canin.fr\/index.php?rest_route=%2Fwp%2Fv2%2Fcomments&post=5755"}],"version-history":[{"count":26,"href":"https:\/\/www.club-lorient-queven-sport-canin.fr\/index.php?rest_route=\/wp\/v2\/pages\/5755\/revisions"}],"predecessor-version":[{"id":9275,"href":"https:\/\/www.club-lorient-queven-sport-canin.fr\/index.php?rest_route=\/wp\/v2\/pages\/5755\/revisions\/9275"}],"wp:attachment":[{"href":"https:\/\/www.club-lorient-queven-sport-canin.fr\/index.php?rest_route=%2Fwp%2Fv2%2Fmedia&parent=5755"}],"curies":[{"name":"wp","href":"https:\/\/api.w.org\/{rel}","templated":true}]}}