{"id":88,"date":"2012-01-25T11:15:13","date_gmt":"2012-01-25T10:15:13","guid":{"rendered":"http:\/\/localhost\/wordpress\/?page_id=88"},"modified":"2019-08-08T11:17:14","modified_gmt":"2019-08-08T09:17:14","slug":"obeissance","status":"publish","type":"page","link":"https:\/\/www.club-lorient-queven-sport-canin.fr\/?page_id=88","title":{"rendered":"Ob\u00e9issance"},"content":{"rendered":"\t\t<div data-elementor-type=\"wp-post\" data-elementor-id=\"88\" class=\"elementor elementor-88\" data-elementor-settings=\"[]\">\n\t\t\t\t\t\t<div class=\"elementor-inner\">\n\t\t\t\t\t\t\t<div class=\"elementor-section-wrap\">\n\t\t\t\t\t\t\t<section class=\"elementor-section elementor-top-section elementor-element elementor-element-712791fc elementor-section-boxed elementor-section-height-default elementor-section-height-default\" data-id=\"712791fc\" data-element_type=\"section\">\n\t\t\t\t\t\t<div class=\"elementor-container elementor-column-gap-default\">\n\t\t\t\t\t\t\t<div class=\"elementor-row\">\n\t\t\t\t\t<div class=\"elementor-column elementor-col-100 elementor-top-column elementor-element elementor-element-714d5241\" data-id=\"714d5241\" data-element_type=\"column\">\n\t\t\t<div class=\"elementor-column-wrap elementor-element-populated\">\n\t\t\t\t\t\t\t<div class=\"elementor-widget-wrap\">\n\t\t\t\t\t\t<div class=\"elementor-element elementor-element-38200283 elementor-widget elementor-widget-text-editor\" data-id=\"38200283\" data-element_type=\"widget\" data-widget_type=\"text-editor.default\">\n\t\t\t\t<div class=\"elementor-widget-container\">\n\t\t\t\t\t<div class=\"elementor-text-editor elementor-clearfix\"><div class=\"subdomain-logo\"><!-- ngIf: global.siteLogo --><a href=\"https:\/\/www.centrale-canine.fr\/cuncbg-gt-obeissance\" target=\"_blank\" rel=\"noopener\"><img decoding=\"async\" class=\"ng-scope\" src=\"https:\/\/www.centrale-canine.fr\/sites\/default\/files\/logos\/logo_scc.png\" alt=\"Groupe Travail Obeissance aller \u00e0 l'accueil\" \/><\/a><!-- end ngIf: global.siteLogo --><\/div><div class=\"subdomain-wording\"><p><!-- ngIf: global.siteHeaderTitle --><\/p><h1>L&rsquo;Ob\u00e9issance\u00a0<\/h1><p><!-- end ngIf: global.siteHeaderTitle --> <!-- ngIf: global.siteTypeTitle --><\/p><\/div><p>Discipline ouverte au chiens LOF et non LOF.<br \/>Discipline qui demande beaucoup de rigueur et de patience de la part du conducteur, le chien doit travailler dans la ga\u00eet\u00e9, sans contrainte, doit montrer au travail sa disponibilit\u00e9, sa souplesse \u00e0 ob\u00e9ir aux commandemeents, son enthousiasme et sa rapidit\u00e9 dans l&rsquo;ex\u00e9cution; et l&rsquo;on doit toujours voir une \u00e9quipe gaie, unie et harmonieuse.<br \/>Le programme des concours: le brevet pour les d\u00e9butants, classe 1, classe 2 et classe 3.<\/p><\/div>\n\t\t\t\t<\/div>\n\t\t\t\t<\/div>\n\t\t\t\t\t\t<\/div>\n\t\t\t\t\t<\/div>\n\t\t<\/div>\n\t\t\t\t\t\t\t\t<\/div>\n\t\t\t\t\t<\/div>\n\t\t<\/section>\n\t\t\t\t<section class=\"elementor-section elementor-top-section elementor-element elementor-element-971c56c elementor-section-boxed elementor-section-height-default elementor-section-height-default\" data-id=\"971c56c\" data-element_type=\"section\">\n\t\t\t\t\t\t<div class=\"elementor-container elementor-column-gap-default\">\n\t\t\t\t\t\t\t<div class=\"elementor-row\">\n\t\t\t\t\t<div class=\"elementor-column elementor-col-50 elementor-top-column elementor-element elementor-element-30a32de\" data-id=\"30a32de\" data-element_type=\"column\">\n\t\t\t<div class=\"elementor-column-wrap elementor-element-populated\">\n\t\t\t\t\t\t\t<div class=\"elementor-widget-wrap\">\n\t\t\t\t\t\t<div class=\"elementor-element elementor-element-cfe384a elementor-arrows-position-inside elementor-widget elementor-widget-image-carousel\" data-id=\"cfe384a\" data-element_type=\"widget\" data-settings=\"{&quot;slides_to_show&quot;:&quot;1&quot;,&quot;navigation&quot;:&quot;arrows&quot;,&quot;autoplay&quot;:&quot;yes&quot;,&quot;pause_on_hover&quot;:&quot;yes&quot;,&quot;pause_on_interaction&quot;:&quot;yes&quot;,&quot;autoplay_speed&quot;:5000,&quot;infinite&quot;:&quot;yes&quot;,&quot;effect&quot;:&quot;slide&quot;,&quot;speed&quot;:500}\" data-widget_type=\"image-carousel.default\">\n\t\t\t\t<div class=\"elementor-widget-container\">\n\t\t\t\t\t<div class=\"elementor-image-carousel-wrapper swiper-container\" dir=\"ltr\">\n\t\t\t<div class=\"elementor-image-carousel swiper-wrapper\">\n\t\t\t\t<div class=\"swiper-slide\"><figure class=\"swiper-slide-inner\"><img decoding=\"async\" class=\"swiper-slide-image\" src=\"https:\/\/www.club-lorient-queven-sport-canin.fr\/wp-content\/uploads\/2019\/08\/56162059_2299010640353280_6354357793209712640_n-768x576.jpg\" alt=\"56162059_2299010640353280_6354357793209712640_n\" \/><\/figure><\/div><div class=\"swiper-slide\"><figure class=\"swiper-slide-inner\"><img decoding=\"async\" class=\"swiper-slide-image\" src=\"https:\/\/www.club-lorient-queven-sport-canin.fr\/wp-content\/uploads\/2019\/08\/56325302_546544292534752_7916379408116482048_n-768x576.jpg\" alt=\"56325302_546544292534752_7916379408116482048_n\" \/><\/figure><\/div><div class=\"swiper-slide\"><figure class=\"swiper-slide-inner\"><img decoding=\"async\" class=\"swiper-slide-image\" src=\"https:\/\/www.club-lorient-queven-sport-canin.fr\/wp-content\/uploads\/2019\/08\/56821313_837988309876273_6163874327184801792_n-768x576.jpg\" alt=\"56821313_837988309876273_6163874327184801792_n\" \/><\/figure><\/div><div class=\"swiper-slide\"><figure class=\"swiper-slide-inner\"><img decoding=\"async\" class=\"swiper-slide-image\" src=\"https:\/\/www.club-lorient-queven-sport-canin.fr\/wp-content\/uploads\/2017\/05\/DSC_0437-Copier1.jpg\" alt=\"Et joli raport de ...\" \/><\/figure><\/div><div class=\"swiper-slide\"><figure class=\"swiper-slide-inner\"><img decoding=\"async\" class=\"swiper-slide-image\" src=\"https:\/\/www.club-lorient-queven-sport-canin.fr\/wp-content\/uploads\/2017\/05\/DSC_0456-Copier.jpg\" alt=\"DSC_0456 (Copier)\" \/><\/figure><\/div><div class=\"swiper-slide\"><figure class=\"swiper-slide-inner\"><img decoding=\"async\" class=\"swiper-slide-image\" src=\"https:\/\/www.club-lorient-queven-sport-canin.fr\/wp-content\/uploads\/2017\/05\/DSC_0452-Copier1.jpg\" alt=\"Elsa\" \/><\/figure><\/div><div class=\"swiper-slide\"><figure class=\"swiper-slide-inner\"><img decoding=\"async\" class=\"swiper-slide-image\" src=\"https:\/\/www.club-lorient-queven-sport-canin.fr\/wp-content\/uploads\/2017\/05\/P1170547-Copier.jpg\" alt=\"P1170547 (Copier)\" \/><\/figure><\/div><div class=\"swiper-slide\"><figure class=\"swiper-slide-inner\"><img decoding=\"async\" class=\"swiper-slide-image\" src=\"https:\/\/www.club-lorient-queven-sport-canin.fr\/wp-content\/uploads\/2017\/04\/17796017_1419869561408609_4738335949163310038_n.jpg\" alt=\"Joli saut apr\u00e8s avoir tard\u00e9 \u00e0 prendre l&#039;apportable puis position de base de travers. 7 points\" \/><\/figure><\/div><div class=\"swiper-slide\"><figure class=\"swiper-slide-inner\"><img decoding=\"async\" class=\"swiper-slide-image\" src=\"https:\/\/www.club-lorient-queven-sport-canin.fr\/wp-content\/uploads\/2017\/05\/DSC_0433-Copier.jpg\" alt=\"Absence \u00e0 l&#039;ombre !\" \/><\/figure><\/div><div class=\"swiper-slide\"><figure class=\"swiper-slide-inner\"><img decoding=\"async\" class=\"swiper-slide-image\" src=\"https:\/\/www.club-lorient-queven-sport-canin.fr\/wp-content\/uploads\/2014\/09\/P1030425-Copier.jpg\" alt=\"Eriane et Jean-Claude\" \/><\/figure><\/div><div class=\"swiper-slide\"><figure class=\"swiper-slide-inner\"><img decoding=\"async\" class=\"swiper-slide-image\" src=\"https:\/\/www.club-lorient-queven-sport-canin.fr\/wp-content\/uploads\/2012\/02\/P1020935.jpg\" alt=\"P1020935\" \/><\/figure><\/div>\t\t\t<\/div>\n\t\t\t\t\t\t\t\t\t\t\t\t\t\t\t\t<div class=\"elementor-swiper-button elementor-swiper-button-prev\">\n\t\t\t\t\t\t<i class=\"eicon-chevron-left\" aria-hidden=\"true\"><\/i>\n\t\t\t\t\t\t<span class=\"elementor-screen-only\">Pr\u00e9c\u00e9dent<\/span>\n\t\t\t\t\t<\/div>\n\t\t\t\t\t<div class=\"elementor-swiper-button elementor-swiper-button-next\">\n\t\t\t\t\t\t<i class=\"eicon-chevron-right\" aria-hidden=\"true\"><\/i>\n\t\t\t\t\t\t<span class=\"elementor-screen-only\">Suivant<\/span>\n\t\t\t\t\t<\/div>\n\t\t\t\t\t\t\t\t\t<\/div>\n\t\t\t\t<\/div>\n\t\t\t\t<\/div>\n\t\t\t\t\t\t<\/div>\n\t\t\t\t\t<\/div>\n\t\t<\/div>\n\t\t\t\t<div class=\"elementor-column elementor-col-50 elementor-top-column elementor-element elementor-element-bec122d\" data-id=\"bec122d\" data-element_type=\"column\">\n\t\t\t<div class=\"elementor-column-wrap elementor-element-populated\">\n\t\t\t\t\t\t\t<div class=\"elementor-widget-wrap\">\n\t\t\t\t\t\t<div class=\"elementor-element elementor-element-459c099 elementor-widget elementor-widget-wp-widget-alxposts\" data-id=\"459c099\" data-element_type=\"widget\" data-widget_type=\"wp-widget-alxposts.default\">\n\t\t\t\t<div class=\"elementor-widget-container\">\n\t\t\t\n<h5><\/h5>\r\n\t\r\n\t<ul class=\"alx-posts group thumbs-enabled\">\r\n    \t\t\t\t<li>\r\n\r\n\t\t\t\t\t\t<div class=\"post-item-thumbnail\">\r\n\t\t\t\t<a href=\"https:\/\/www.club-lorient-queven-sport-canin.fr\/?p=9019\">\r\n\t\t\t\t\t<img loading=\"lazy\" decoding=\"async\" width=\"520\" height=\"245\" src=\"https:\/\/www.club-lorient-queven-sport-canin.fr\/wp-content\/uploads\/2025\/06\/JC6B0050_DxO-1K-JPEG-520x245.jpg\" class=\"attachment-thumb-medium size-thumb-medium wp-post-image\" alt=\"\" \/>\t\t\t\t\t\t\t\t\t\t\t\t\t\t\t\t\t\t\t<\/a>\r\n\t\t\t<\/div>\r\n\t\t\t\r\n\t\t\t<div class=\"post-item-inner group\">\r\n\t\t\t\t<p class=\"post-item-category\"><a href=\"https:\/\/www.club-lorient-queven-sport-canin.fr\/?cat=10\" rel=\"category\">Ob\u00e9issance<\/a> \/ <a href=\"https:\/\/www.club-lorient-queven-sport-canin.fr\/?cat=5\" rel=\"category\">R\u00e9sultat<\/a><\/p>\t\t\t\t<p class=\"post-item-title\"><a href=\"https:\/\/www.club-lorient-queven-sport-canin.fr\/?p=9019\" rel=\"bookmark\" title=\"Permalink to R\u00e9sultats Concours OBE du Club\">R\u00e9sultats Concours OBE du Club<\/a><\/p>\r\n\t\t\t\t<p class=\"post-item-date\">2 Juin, 2025<\/p>\t\t\t<\/div>\r\n\r\n\t\t<\/li>\r\n\t\t\t\t<li>\r\n\r\n\t\t\t\t\t\t<div class=\"post-item-thumbnail\">\r\n\t\t\t\t<a href=\"https:\/\/www.club-lorient-queven-sport-canin.fr\/?p=8505\">\r\n\t\t\t\t\t<img loading=\"lazy\" decoding=\"async\" width=\"520\" height=\"245\" src=\"https:\/\/www.club-lorient-queven-sport-canin.fr\/wp-content\/uploads\/2024\/04\/Recadree-520x245.png\" class=\"attachment-thumb-medium size-thumb-medium wp-post-image\" alt=\"\" \/>\t\t\t\t\t\t\t\t\t\t\t\t\t\t\t\t\t\t\t<\/a>\r\n\t\t\t<\/div>\r\n\t\t\t\r\n\t\t\t<div class=\"post-item-inner group\">\r\n\t\t\t\t<p class=\"post-item-category\"><a href=\"https:\/\/www.club-lorient-queven-sport-canin.fr\/?cat=10\" rel=\"category\">Ob\u00e9issance<\/a> \/ <a href=\"https:\/\/www.club-lorient-queven-sport-canin.fr\/?cat=5\" rel=\"category\">R\u00e9sultat<\/a><\/p>\t\t\t\t<p class=\"post-item-title\"><a href=\"https:\/\/www.club-lorient-queven-sport-canin.fr\/?p=8505\" rel=\"bookmark\" title=\"Permalink to 30 Mars 2024 &#8211; Rackham au Concours OBE Lanester\">30 Mars 2024 &#8211; Rackham au Concours OBE Lanester<\/a><\/p>\r\n\t\t\t\t<p class=\"post-item-date\">2 Avr, 2024<\/p>\t\t\t<\/div>\r\n\r\n\t\t<\/li>\r\n\t\t\t\t<li>\r\n\r\n\t\t\t\t\t\t<div class=\"post-item-thumbnail\">\r\n\t\t\t\t<a href=\"https:\/\/www.club-lorient-queven-sport-canin.fr\/?p=8202\">\r\n\t\t\t\t\t<img loading=\"lazy\" decoding=\"async\" width=\"520\" height=\"245\" src=\"https:\/\/www.club-lorient-queven-sport-canin.fr\/wp-content\/uploads\/2023\/03\/Affiche-2-520x245.jpg\" class=\"attachment-thumb-medium size-thumb-medium wp-post-image\" alt=\"\" \/>\t\t\t\t\t\t\t\t\t\t\t\t\t\t\t\t\t\t\t<\/a>\r\n\t\t\t<\/div>\r\n\t\t\t\r\n\t\t\t<div class=\"post-item-inner group\">\r\n\t\t\t\t<p class=\"post-item-category\"><a href=\"https:\/\/www.club-lorient-queven-sport-canin.fr\/?cat=6\" rel=\"category\">Nos concours<\/a> \/ <a href=\"https:\/\/www.club-lorient-queven-sport-canin.fr\/?cat=10\" rel=\"category\">Ob\u00e9issance<\/a><\/p>\t\t\t\t<p class=\"post-item-title\"><a href=\"https:\/\/www.club-lorient-queven-sport-canin.fr\/?p=8202\" rel=\"bookmark\" title=\"Permalink to 20 &#8211; 21 Mai 2023 &#8211; Concours OB\u00c9\">20 &#8211; 21 Mai 2023 &#8211; Concours OB\u00c9<\/a><\/p>\r\n\t\t\t\t<p class=\"post-item-date\">22 Mar, 2023<\/p>\t\t\t<\/div>\r\n\r\n\t\t<\/li>\r\n\t\t\t\t<li>\r\n\r\n\t\t\t\t\t\t<div class=\"post-item-thumbnail\">\r\n\t\t\t\t<a href=\"https:\/\/www.club-lorient-queven-sport-canin.fr\/?p=5918\">\r\n\t\t\t\t\t<img loading=\"lazy\" decoding=\"async\" width=\"327\" height=\"245\" src=\"https:\/\/www.club-lorient-queven-sport-canin.fr\/wp-content\/uploads\/2018\/02\/P1210047-Copier.jpg\" class=\"attachment-thumb-medium size-thumb-medium wp-post-image\" alt=\"\" srcset=\"https:\/\/www.club-lorient-queven-sport-canin.fr\/wp-content\/uploads\/2018\/02\/P1210047-Copier.jpg 1024w, https:\/\/www.club-lorient-queven-sport-canin.fr\/wp-content\/uploads\/2018\/02\/P1210047-Copier-300x225.jpg 300w\" sizes=\"auto, (max-width: 327px) 100vw, 327px\" \/>\t\t\t\t\t\t\t\t\t\t\t\t\t\t\t\t\t\t\t<\/a>\r\n\t\t\t<\/div>\r\n\t\t\t\r\n\t\t\t<div class=\"post-item-inner group\">\r\n\t\t\t\t<p class=\"post-item-category\"><a href=\"https:\/\/www.club-lorient-queven-sport-canin.fr\/?cat=10\" rel=\"category\">Ob\u00e9issance<\/a><\/p>\t\t\t\t<p class=\"post-item-title\"><a href=\"https:\/\/www.club-lorient-queven-sport-canin.fr\/?p=5918\" rel=\"bookmark\" title=\"Permalink to Les \u00e9quipes d&rsquo;Ob\u00e9 !\">Les \u00e9quipes d&rsquo;Ob\u00e9 !<\/a><\/p>\r\n\t\t\t\t<p class=\"post-item-date\">8 Ao\u00fbt, 2019<\/p>\t\t\t<\/div>\r\n\r\n\t\t<\/li>\r\n\t\t\t\t    \t<\/ul><!--\/.alx-posts-->\r\n\r\n\n\t\t<\/div>\n\t\t\t\t<\/div>\n\t\t\t\t\t\t<\/div>\n\t\t\t\t\t<\/div>\n\t\t<\/div>\n\t\t\t\t\t\t\t\t<\/div>\n\t\t\t\t\t<\/div>\n\t\t<\/section>\n\t\t\t\t\t\t<\/div>\n\t\t\t\t\t\t<\/div>\n\t\t\t\t\t<\/div>\n\t\t","protected":false},"excerpt":{"rendered":"<p>L&rsquo;Ob\u00e9issance\u00a0 Discipline ouverte au chiens LOF et non LOF.Discipline qui demande beaucoup de rigueur et de patience de la part du conducteur, le chien doit travailler dans la ga\u00eet\u00e9, sans contrainte, doit montrer au&#46;&#46;&#46;<\/p>\n","protected":false},"author":1,"featured_media":0,"parent":0,"menu_order":0,"comment_status":"closed","ping_status":"closed","template":"","meta":{"footnotes":""},"class_list":["post-88","page","type-page","status-publish","hentry"],"_links":{"self":[{"href":"https:\/\/www.club-lorient-queven-sport-canin.fr\/index.php?rest_route=\/wp\/v2\/pages\/88","targetHints":{"allow":["GET"]}}],"collection":[{"href":"https:\/\/www.club-lorient-queven-sport-canin.fr\/index.php?rest_route=\/wp\/v2\/pages"}],"about":[{"href":"https:\/\/www.club-lorient-queven-sport-canin.fr\/index.php?rest_route=\/wp\/v2\/types\/page"}],"author":[{"embeddable":true,"href":"https:\/\/www.club-lorient-queven-sport-canin.fr\/index.php?rest_route=\/wp\/v2\/users\/1"}],"replies":[{"embeddable":true,"href":"https:\/\/www.club-lorient-queven-sport-canin.fr\/index.php?rest_route=%2Fwp%2Fv2%2Fcomments&post=88"}],"version-history":[{"count":3,"href":"https:\/\/www.club-lorient-queven-sport-canin.fr\/index.php?rest_route=\/wp\/v2\/pages\/88\/revisions"}],"predecessor-version":[{"id":5926,"href":"https:\/\/www.club-lorient-queven-sport-canin.fr\/index.php?rest_route=\/wp\/v2\/pages\/88\/revisions\/5926"}],"wp:attachment":[{"href":"https:\/\/www.club-lorient-queven-sport-canin.fr\/index.php?rest_route=%2Fwp%2Fv2%2Fmedia&parent=88"}],"curies":[{"name":"wp","href":"https:\/\/api.w.org\/{rel}","templated":true}]}}