{"id":92,"date":"2012-01-25T11:30:09","date_gmt":"2012-01-25T10:30:09","guid":{"rendered":"http:\/\/localhost\/wordpress\/?page_id=92"},"modified":"2026-01-12T11:49:06","modified_gmt":"2026-01-12T10:49:06","slug":"horaires","status":"publish","type":"page","link":"https:\/\/www.club-lorient-queven-sport-canin.fr\/?page_id=92","title":{"rendered":"Horaires 2026"},"content":{"rendered":"\t\t<div data-elementor-type=\"wp-post\" data-elementor-id=\"92\" class=\"elementor elementor-92\" data-elementor-settings=\"[]\">\n\t\t\t\t\t\t<div class=\"elementor-inner\">\n\t\t\t\t\t\t\t<div class=\"elementor-section-wrap\">\n\t\t\t\t\t\t\t<section class=\"elementor-section elementor-top-section elementor-element elementor-element-488b24c elementor-section-boxed elementor-section-height-default elementor-section-height-default\" data-id=\"488b24c\" data-element_type=\"section\">\n\t\t\t\t\t\t<div class=\"elementor-container elementor-column-gap-default\">\n\t\t\t\t\t\t\t<div class=\"elementor-row\">\n\t\t\t\t\t<div class=\"elementor-column elementor-col-100 elementor-top-column elementor-element elementor-element-96eda0f\" data-id=\"96eda0f\" data-element_type=\"column\">\n\t\t\t<div class=\"elementor-column-wrap elementor-element-populated\">\n\t\t\t\t\t\t\t<div class=\"elementor-widget-wrap\">\n\t\t\t\t\t\t<div class=\"elementor-element elementor-element-b2c6c60 elementor-widget elementor-widget-text-editor\" data-id=\"b2c6c60\" data-element_type=\"widget\" data-widget_type=\"text-editor.default\">\n\t\t\t\t<div class=\"elementor-widget-container\">\n\t\t\t\t\t<div class=\"elementor-text-editor elementor-clearfix\"><h2>Horaires d\u2019entra\u00eenements :<\/h2><pre>N<i>ous vous rappelons que les cours et les entra\u00eenements sont dispens\u00e9s par des b\u00e9n\u00e9voles.<\/i><\/pre><h4><strong>\u00c9ducation canine &#8211; <span style=\"color: #993300;\">Responsable : Ronan LE ROUX<\/span><\/strong><\/h4><h4>\u00a0<span style=\"color: #000080;\">Samedi de 14H \u00e0 15H<\/span><\/h4><p>\u00a0<\/p><h4><strong>\u00c9cole du Chiot &#8211; <\/strong><strong><span style=\"color: #993300;\">Responsable : Annick MORAND<\/span><\/strong><\/h4><h4><span style=\"color: #000080;\">Samedi de 14H \u00e0 15H<\/span><\/h4><p>\u00a0<\/p><h4><strong>\u00c9ducation tous niveaux :<\/strong> <span style=\"color: #000080;\">Dimanche 10H30<\/span><\/h4><p>\u00a0<\/p><h4><strong>Ob\u00e9issance<\/strong> &#8211;<strong><span style=\"color: #993300;\">Responsable : Jean-Claude LE FLOCH<\/span><\/strong><\/h4><h4><span style=\"color: #000080;\">Jeudi : 14H \u2013 16H30\u00a0 \u00a0 \u00a0 \u00a0 \u00a0 \u00a0 \u00a0 Samedi : 10H &#8211; 12H<\/span><\/h4><h4>\u00a0<\/h4><h4><strong>Pistage Fran\u00e7ais<\/strong> &#8211;<\/h4><h4><strong><span style=\"color: #993300;\">Responsable : Chantal LE CLAINCHE<\/span><\/strong><\/h4><h4><span style=\"color: #000080;\">Mercredi : 9H &#8211; 13H<\/span><\/h4><p>Le lieu d&rsquo;entra\u00eenement est fonction des cultures et des parcelles disponibles.<\/p><p>\u00a0<\/p><h4><strong>Agility<\/strong> &#8211;<\/h4><h4><strong><span style=\"color: #993300;\">Responsable : Laurent GAUTHIER\u00a0<\/span><\/strong><\/h4><h4><span style=\"color: #000080;\">Samedi : 12H &#8211; 14 H\u00a0 \u00a0 \u00a0 \u00a0 \u00a0 \u00a0 Mercredi 15H \u2013 18 H<\/span><\/h4><p>\u00a0<\/p><h4><strong>Mordant Sportif : Ring \u2013 Campagne \u2013 Mondio<\/strong><\/h4><h4><strong><span style=\"color: #993300;\">Responsable : Lo\u00efc TISSERAND\u00a0<\/span><\/strong><\/h4><h4><strong><span style=\"color: #000080;\">Mardi : Apr\u00e8s-midi\u00a0 \u00a0\u00a0<\/span><\/strong><\/h4><h4><strong><span style=\"color: #000080;\">Vendredi :\u00a0 16 H\u00a0 \u00a0 \u00a0 \u00a0 \u00a0<\/span><\/strong><\/h4><h4><strong><span style=\"color: #000080;\">Dimanche : 14 H<\/span><\/strong><\/h4><h4>\u00a0<\/h4><h4><strong>Loisirs<\/strong><strong> :\u00a0<\/strong><\/h4><h4><span style=\"color: #000080;\">samedi : 15 H &#8211; 18 H &#8211;\u00a0<\/span><\/h4><p>\u00a0<\/p><h4>RU &#8211; <strong><span style=\"color: #993300;\">Responsable : Fran\u00e7oise BILLARD<\/span><\/strong><\/h4><h4><span style=\"color: #000080;\">Samedi toute la journ\u00e9e<\/span> &#8211;\u00a0<\/h4><p><strong><span style=\"color: #ff6600;\">Les lieux d&rsquo;entra\u00eenements sont d\u00e9finis par la responsable &#8211;\u00a0<\/span><\/strong><\/p><h4>\u00a0<\/h4><h4><strong>Sauvetage \u00e0 l\u2019eau &#8211;<\/strong><\/h4><h4><strong><span style=\"color: #993300;\">Responsable : Christian VAL\u00c9RY<\/span><\/strong><\/h4><h4><span style=\"color: #000080;\">Tous niveaux : dimanche matin \u2013 <\/span><\/h4><h4><span style=\"color: #ff6600;\">Lieu : G\u00e2vres ou Naizin &#8211;\u00a0<\/span><\/h4><div><span style=\"color: #ff6600;\">\u00a0<\/span><\/div><\/div>\n\t\t\t\t<\/div>\n\t\t\t\t<\/div>\n\t\t\t\t\t\t<\/div>\n\t\t\t\t\t<\/div>\n\t\t<\/div>\n\t\t\t\t\t\t\t\t<\/div>\n\t\t\t\t\t<\/div>\n\t\t<\/section>\n\t\t\t\t\t\t<\/div>\n\t\t\t\t\t\t<\/div>\n\t\t\t\t\t<\/div>\n\t\t","protected":false},"excerpt":{"rendered":"<p>Horaires d\u2019entra\u00eenements : Nous vous rappelons que les cours et les entra\u00eenements sont dispens\u00e9s par des b\u00e9n\u00e9voles. \u00c9ducation canine &#8211; Responsable : Ronan LE ROUX \u00a0Samedi de 14H \u00e0 15H \u00a0 \u00c9cole du Chiot&#46;&#46;&#46;<\/p>\n","protected":false},"author":1,"featured_media":7650,"parent":114,"menu_order":3,"comment_status":"closed","ping_status":"closed","template":"","meta":{"footnotes":""},"class_list":["post-92","page","type-page","status-publish","has-post-thumbnail","hentry"],"_links":{"self":[{"href":"https:\/\/www.club-lorient-queven-sport-canin.fr\/index.php?rest_route=\/wp\/v2\/pages\/92","targetHints":{"allow":["GET"]}}],"collection":[{"href":"https:\/\/www.club-lorient-queven-sport-canin.fr\/index.php?rest_route=\/wp\/v2\/pages"}],"about":[{"href":"https:\/\/www.club-lorient-queven-sport-canin.fr\/index.php?rest_route=\/wp\/v2\/types\/page"}],"author":[{"embeddable":true,"href":"https:\/\/www.club-lorient-queven-sport-canin.fr\/index.php?rest_route=\/wp\/v2\/users\/1"}],"replies":[{"embeddable":true,"href":"https:\/\/www.club-lorient-queven-sport-canin.fr\/index.php?rest_route=%2Fwp%2Fv2%2Fcomments&post=92"}],"version-history":[{"count":39,"href":"https:\/\/www.club-lorient-queven-sport-canin.fr\/index.php?rest_route=\/wp\/v2\/pages\/92\/revisions"}],"predecessor-version":[{"id":9218,"href":"https:\/\/www.club-lorient-queven-sport-canin.fr\/index.php?rest_route=\/wp\/v2\/pages\/92\/revisions\/9218"}],"up":[{"embeddable":true,"href":"https:\/\/www.club-lorient-queven-sport-canin.fr\/index.php?rest_route=\/wp\/v2\/pages\/114"}],"wp:featuredmedia":[{"embeddable":true,"href":"https:\/\/www.club-lorient-queven-sport-canin.fr\/index.php?rest_route=\/wp\/v2\/media\/7650"}],"wp:attachment":[{"href":"https:\/\/www.club-lorient-queven-sport-canin.fr\/index.php?rest_route=%2Fwp%2Fv2%2Fmedia&parent=92"}],"curies":[{"name":"wp","href":"https:\/\/api.w.org\/{rel}","templated":true}]}}